{"id":560,"date":"2018-10-05T23:03:25","date_gmt":"2018-10-05T20:03:25","guid":{"rendered":"https:\/\/amz-group.com.ua\/?page_id=560"},"modified":"2025-03-19T15:31:12","modified_gmt":"2025-03-19T12:31:12","slug":"ferrotitan","status":"publish","type":"page","link":"https:\/\/aks-splav.com\/de\/ferrotitan\/","title":{"rendered":"Ferrotitan"},"content":{"rendered":"<div class=\"wpb-content-wrapper\"><p>[vc_row full_width=&#8220;stretch_row&#8220; bg_type=&#8220;image&#8220; parallax_style=&#8220;vcpb-default&#8220; bg_image_new=&#8220;id^41|url^http:\/\/amz-group.com.ua\/wp-content\/uploads\/2018\/09\/proizvodstvo.jpg|caption^null|alt^null|title^proizvodstvo|description^null&#8220; css=&#8220;.vc_custom_1536316624500{margin-top: 0px !important;margin-bottom: 0px !important;border-top-width: 0px !important;border-bottom-width: 0px !important;padding-top: 50px !important;padding-bottom: 23px !important;}&#8220;][vc_column][vc_row_inner css=&#8220;.vc_custom_1536315979657{border-top-width: 10px !important;border-right-width: 10px !important;border-bottom-width: 10px !important;border-left-width: 10px !important;background-color: rgba(0,0,0,0.45) !important;*background-color: rgb(0,0,0) !important;border-left-color: #ffffff !important;border-left-style: double !important;border-right-color: #ffffff !important;border-right-style: double !important;border-top-color: #ffffff !important;border-top-style: double !important;border-bottom-color: #ffffff !important;border-bottom-style: double !important;}&#8220;][vc_column_inner][vc_custom_heading text=&#8220;Ferrotitan&#8220; font_container=&#8220;tag:h1|text_align:center|color:%23ffffff&#8220; use_theme_fonts=&#8220;yes&#8220; css=&#8220;.vc_custom_1538768211056{padding-top: 10px !important;padding-bottom: 30px !important;}&#8220;][\/vc_column_inner][\/vc_row_inner][vc_empty_space height=&#8220;40px&#8220;][\/vc_column][\/vc_row][vc_row][vc_column][vc_row_inner][vc_column_inner offset=&#8220;vc_col-lg-offset-2 vc_col-lg-8 vc_col-md-offset-1 vc_col-md-10&#8243;][vc_custom_heading text=&#8220;Ferrotitan: Beschreibung, Herstellung und Anwendung&#8220; font_container=&#8220;tag:h1|text_align:center&#8220; use_theme_fonts=&#8220;yes&#8220; css=&#8220;&#8220;][\/vc_column_inner][\/vc_row_inner][\/vc_column][\/vc_row][vc_row css=&#8220;.vc_custom_1536578062932{margin-top: 10px !important;}&#8220;][vc_column][vc_column_text css=&#8220;.vc_custom_1742379201693{padding-top: 20px !important;padding-bottom: 20px !important;}&#8220;]<\/p>\n<h2 style=\"text-align: center;\">Ferrotitan gem\u00e4\u00df DSTU GOST 4761:2009 (ISO 5454-80)<\/h2>\n<p>[\/vc_column_text][vc_column_text]Tabelle 1<\/p>\n<table width=\"659\">\n<tbody>\n<tr>\n<td rowspan=\"3\" width=\"91\">&nbsp;<\/p>\n<p style=\"text-align: center;\"><strong>Marke<\/strong><\/p>\n<\/td>\n<td style=\"text-align: center;\" colspan=\"6\" width=\"568\"><strong>Massengehalt, %<\/strong><\/td>\n<\/tr>\n<tr>\n<td rowspan=\"2\" width=\"84\">\n<p style=\"text-align: center;\"><strong>Titan<\/strong><\/p>\n<\/td>\n<td style=\"text-align: center;\" width=\"108\"><strong>Aluminium<\/strong><\/td>\n<td style=\"text-align: center;\" width=\"96\"><strong>Silizium<\/strong><\/td>\n<td style=\"text-align: center;\" width=\"84\"><strong>Kohlenstoff<\/strong><\/td>\n<td style=\"text-align: center;\" width=\"72\"><strong>Phosphor<\/strong><\/td>\n<td style=\"text-align: center;\" width=\"124\"><strong>Schwefel<\/strong><\/td>\n<\/tr>\n<tr>\n<td style=\"text-align: center;\" colspan=\"5\" width=\"484\"><strong>h\u00f6chstens<\/strong><\/td>\n<\/tr>\n<tr>\n<td style=\"text-align: center;\" width=\"91\"><strong>FTi35S5<\/strong><\/td>\n<td style=\"text-align: center;\" width=\"84\"><strong>28-40<\/strong><\/td>\n<td style=\"text-align: center;\" width=\"108\"><strong>8<\/strong><\/td>\n<td style=\"text-align: center;\" width=\"96\"><strong>5<\/strong><\/td>\n<td style=\"text-align: center;\" width=\"84\"><strong>0,2<\/strong><\/td>\n<td style=\"text-align: center;\" width=\"72\"><strong>0,04<\/strong><\/td>\n<td style=\"text-align: center;\" width=\"124\"><strong>0,04<\/strong><\/td>\n<\/tr>\n<tr>\n<td style=\"text-align: center;\" width=\"91\"><strong>FTi35S7<\/strong><\/td>\n<td style=\"text-align: center;\" width=\"84\"><strong>28-40<\/strong><\/td>\n<td style=\"text-align: center;\" width=\"108\"><strong>9<\/strong><\/td>\n<td style=\"text-align: center;\" width=\"96\"><strong>7<\/strong><\/td>\n<td style=\"text-align: center;\" width=\"84\"><strong>0,2<\/strong><\/td>\n<td style=\"text-align: center;\" width=\"72\"><strong>0,07<\/strong><\/td>\n<td style=\"text-align: center;\" width=\"124\"><strong>0,05<\/strong><\/td>\n<\/tr>\n<tr>\n<td style=\"text-align: center;\" width=\"91\"><strong>FTi35S8<\/strong><\/td>\n<td style=\"text-align: center;\" width=\"84\"><strong>28-40<\/strong><\/td>\n<td style=\"text-align: center;\" width=\"108\"><strong>14<\/strong><\/td>\n<td style=\"text-align: center;\" width=\"96\"><strong>8<\/strong><\/td>\n<td style=\"text-align: center;\" width=\"84\"><strong>0,2<\/strong><\/td>\n<td style=\"text-align: center;\" width=\"72\"><strong>0,07<\/strong><\/td>\n<td style=\"text-align: center;\" width=\"124\"><strong>0,07<\/strong><\/td>\n<\/tr>\n<\/tbody>\n<\/table>\n<p>[\/vc_column_text][vc_column_text css=&#8220;.vc_custom_1538769259537{padding-top: 20px !important;}&#8220;]<\/p>\n<p style=\"text-align: left;\">Tabelle 2<\/p>\n<table width=\"655\">\n<tbody>\n<tr>\n<td rowspan=\"2\" width=\"91\">\n<p style=\"text-align: center;\"><strong>Marke<\/strong><\/p>\n<\/td>\n<td colspan=\"8\" width=\"91\">\n<p style=\"text-align: center;\"><strong>Massengehalt, %<\/strong><\/p>\n<\/td>\n<\/tr>\n<tr>\n<td width=\"91\">\n<p style=\"text-align: center;\"><strong>Kupfer<\/strong><\/p>\n<\/td>\n<td style=\"text-align: center;\" width=\"91\"><strong>Vanadin<\/strong><\/td>\n<td style=\"text-align: center;\" width=\"91\"><strong>Molybd\u00e4n<\/strong><\/td>\n<td style=\"text-align: center;\" width=\"91\"><strong>Zirkon<\/strong><\/td>\n<td style=\"text-align: center;\" width=\"91\"><strong>Zinn<\/strong><\/td>\n<td style=\"text-align: center;\" width=\"91\"><strong>Mangan<\/strong><\/td>\n<td style=\"text-align: center;\" width=\"91\"><strong>Chrom<\/strong><\/td>\n<td width=\"91\">\n<p style=\"text-align: center;\"><strong>Eisen<\/strong><\/p>\n<\/td>\n<\/tr>\n<tr>\n<td width=\"91\"><\/td>\n<td width=\"91\"><\/td>\n<td colspan=\"6\" width=\"91\">\n<p style=\"text-align: center;\"><strong>h\u00f6chstens<\/strong><\/p>\n<\/td>\n<td width=\"91\"><\/td>\n<\/tr>\n<tr>\n<td width=\"91\">\n<p style=\"text-align: center;\"><strong>FTi35S5<\/strong><\/p>\n<\/td>\n<td style=\"text-align: center;\" width=\"91\"><strong>2<\/strong><\/td>\n<td style=\"text-align: center;\" width=\"91\"><strong>0,4<\/strong><\/td>\n<td style=\"text-align: center;\" width=\"91\"><strong>0,2<\/strong><\/td>\n<td style=\"text-align: center;\" width=\"91\"><strong>0,2<\/strong><\/td>\n<td style=\"text-align: center;\" width=\"91\"><strong>0,04<\/strong><\/td>\n<td style=\"text-align: center;\" width=\"91\"><strong>&#8211;<\/strong><\/td>\n<td style=\"text-align: center;\" width=\"91\"><strong>&#8211;<\/strong><\/td>\n<td style=\"text-align: center;\" width=\"91\"><strong>andere<\/strong><\/td>\n<\/tr>\n<tr>\n<td width=\"91\">\n<p style=\"text-align: center;\"><strong>FTi35S7<\/strong><\/p>\n<\/td>\n<td style=\"text-align: center;\" width=\"91\"><strong>2<\/strong><\/td>\n<td style=\"text-align: center;\" width=\"91\"><strong>0,8<\/strong><\/td>\n<td style=\"text-align: center;\" width=\"91\"><strong>0,5<\/strong><\/td>\n<td style=\"text-align: center;\" width=\"91\"><strong>0,2<\/strong><\/td>\n<td style=\"text-align: center;\" width=\"91\"><strong>0,05<\/strong><\/td>\n<td style=\"text-align: center;\" width=\"91\"><strong>&#8211;<\/strong><\/td>\n<td style=\"text-align: center;\" width=\"91\"><strong>&#8211;<\/strong><\/td>\n<td width=\"91\">\n<p style=\"text-align: center;\"><strong>andere<\/strong><\/p>\n<\/td>\n<\/tr>\n<tr>\n<td width=\"91\">\n<p style=\"text-align: center;\"><strong>FTi35S8<\/strong><\/p>\n<\/td>\n<td style=\"text-align: center;\" width=\"91\"><strong>3<\/strong><\/td>\n<td style=\"text-align: center;\" width=\"91\"><strong>1,0<\/strong><\/td>\n<td style=\"text-align: center;\" width=\"91\"><strong>1,0<\/strong><\/td>\n<td style=\"text-align: center;\" width=\"91\"><strong>0,7<\/strong><\/td>\n<td style=\"text-align: center;\" width=\"91\"><strong>0,08<\/strong><\/td>\n<td style=\"text-align: center;\" width=\"91\"><strong>&#8211;<\/strong><\/td>\n<td style=\"text-align: center;\" width=\"91\"><strong>&#8211;<\/strong><\/td>\n<td width=\"91\">\n<p style=\"text-align: center;\"><strong>andere<\/strong><\/p>\n<\/td>\n<\/tr>\n<\/tbody>\n<\/table>\n<p>[\/vc_column_text][vc_column_text css=&#8220;.vc_custom_1538769629303{padding-top: 30px !important;}&#8220;]<\/p>\n<h3 style=\"text-align: center;\">Zirkonferrosilikon<\/h3>\n<table width=\"662\">\n<tbody>\n<tr>\n<td rowspan=\"3\" width=\"50\">&nbsp;<\/p>\n<p style=\"text-align: center;\"><strong>Marke<\/strong><\/p>\n<\/td>\n<td colspan=\"11\" width=\"603\">\n<p style=\"text-align: center;\"><strong>Massengehalt, %<\/strong><\/p>\n<\/td>\n<\/tr>\n<tr>\n<td rowspan=\"2\" width=\"73\">\n<p style=\"text-align: center;\"><strong>Zirkon<\/strong><\/p>\n<\/td>\n<td style=\"text-align: center;\" rowspan=\"2\" width=\"64\"><strong>Silizium<\/strong><\/td>\n<td rowspan=\"2\" width=\"76\">\n<p style=\"text-align: center;\"><strong>Aluminium<\/strong><\/p>\n<\/td>\n<td width=\"51\">\n<p style=\"text-align: center;\"><strong>Titan<\/strong><\/p>\n<\/td>\n<td style=\"text-align: center;\" width=\"57\"><strong>Phosphor<\/strong><\/td>\n<td style=\"text-align: center;\" width=\"42\"><strong>Schwefel<\/strong><\/td>\n<td style=\"text-align: center;\" width=\"57\"><strong>Kohlenstoff <\/strong><\/td>\n<td style=\"text-align: center;\" width=\"57\"><strong>Nickel<\/strong><\/td>\n<td style=\"text-align: center;\" width=\"43\"><strong>Kupfer<\/strong><\/td>\n<td colspan=\"2\" width=\"56\">\n<p style=\"text-align: center;\"><strong>Eisen<\/strong><\/p>\n<\/td>\n<\/tr>\n<tr>\n<td colspan=\"7\" width=\"325\">\n<p style=\"text-align: center;\"><strong>h\u00f6chstens<\/strong><\/p>\n<\/td>\n<td width=\"53\"><\/td>\n<\/tr>\n<tr>\n<td width=\"50\">\n<p style=\"text-align: center;\"><strong>ZFS<\/strong><\/p>\n<\/td>\n<td style=\"text-align: center;\" width=\"73\"><strong>14-25<\/strong><\/td>\n<td style=\"text-align: center;\" width=\"64\"><strong>6-16<\/strong><\/td>\n<td style=\"text-align: center;\" width=\"76\"><strong>6-15<\/strong><\/td>\n<td style=\"text-align: center;\" width=\"51\"><strong>2<\/strong><\/td>\n<td style=\"text-align: center;\" width=\"57\"><strong>0,1<\/strong><\/td>\n<td style=\"text-align: center;\" width=\"42\"><strong>0,05<\/strong><\/td>\n<td style=\"text-align: center;\" width=\"57\"><strong>0,2<\/strong><\/td>\n<td style=\"text-align: center;\" width=\"57\"><strong>0,015<\/strong><\/td>\n<td style=\"text-align: center;\" width=\"43\"><strong>2<\/strong><\/td>\n<td colspan=\"2\" width=\"56\">\n<p style=\"text-align: center;\"><strong>andere<\/strong><\/p>\n<\/td>\n<\/tr>\n<tr>\n<td colspan=\"10\" width=\"597\">\n<p style=\"text-align: center;\">Einzelne Elemente sind mit dem Verbraucher abzustimmen<\/p>\n<\/td>\n<td colspan=\"2\" width=\"56\"><\/td>\n<\/tr>\n<\/tbody>\n<\/table>\n<p>[\/vc_column_text][vc_column_text css=&#8220;.vc_custom_1742387249813{padding-top: 20px !important;}&#8220;]<img loading=\"lazy\" decoding=\"async\" class=\"alignleft wp-image-129\" title=\"\u0424\u0435\u0440\u0440\u043e\u0442\u0438\u0442\u0430\u043d\" src=\"http:\/\/amz-group.com.ua\/wp-content\/uploads\/2018\/09\/ferotitan-m2.jpg\" alt=\"\u041a\u0443\u043f\u0438\u0442\u044c \u0444\u0435\u0440\u0440\u043e\u0442\u0438\u0442\u0430\u043d\" width=\"400\" height=\"300\" \/><\/p>\n<p>Ferrotitan ist eine Legierung aus Titan und Eisen, die in der metallurgischen Industrie zur Legierung verschiedener Legierungen verwendet wird. Es ist ein wichtiger Bestandteil bei der Herstellung von Titan, rostfreiem Stahl und anderen Legierungen und sorgt f\u00fcr verbesserte mechanische Eigenschaften und Korrosionsbest\u00e4ndigkeit. Aufgrund seiner einzigartigen F\u00e4higkeit, die Leistung von Legierungen zu verbessern, hat Ferrotitan eine breite Palette von Anwendungen in verschiedenen Branchen gefunden, von der Luftfahrt bis zum Maschinenbau.<\/p>\n<h2>Was ist Ferrotitan?<\/h2>\n<p><strong>Ferrotitan<\/strong> ist eine aus Titan und Eisen bestehende Legierung, die in der Metallurgie zur Herstellung hochwertiger St\u00e4hle und Legierungen verwendet wird. Es wird zur Legierung von Stahllegierungen verwendet, um deren Festigkeit, Korrosionsbest\u00e4ndigkeit und Hitzebest\u00e4ndigkeit zu erh\u00f6hen. Es ist ein wichtiger Bestandteil f\u00fcr die Herstellung von Titan, das eine Reihe von Vorteilen wie hohe Hitzebest\u00e4ndigkeit, Festigkeit und Best\u00e4ndigkeit gegen korrosive Umgebungen aufweist.<\/p>\n<h2>Chemische Zusammensetzung von Ferrotitan<\/h2>\n<p>Die chemische Zusammensetzung von Ferrotitan h\u00e4ngt von der Qualit\u00e4t und dem Verwendungszweck ab, aber der Hauptbestandteil ist Titan, das mit Eisen legiert ist. Bei den verschiedenen Ferrotitan-G\u00fcten kann der Titananteil zwischen 10 und 35 % liegen, w\u00e4hrend der Rest der Zusammensetzung aus Eisen besteht. Dar\u00fcber hinaus k\u00f6nnen andere Elemente wie Kohlenstoff, Silizium oder Mangan hinzugef\u00fcgt werden, um bestimmte Eigenschaften der Legierung zu verbessern.<\/p>\n<h3>Beispielhafte Zusammensetzungen von Ferrotitan:<\/h3>\n<ul>\n<li>Ferrotitanium phti35 &#8211; der Titangehalt in dieser Legierung betr\u00e4gt etwa 35 %.<\/li>\n<li>Ferrotitanium phti35 c8 2 &#8211; eine spezielle Sorte von Ferrotitanium mit zus\u00e4tzlichen Eigenschaften f\u00fcr den Einsatz unter schwierigen Bedingungen.<\/li>\n<\/ul>\n<h2>Herstellung von Ferrotitan<\/h2>\n<p>Die Herstellung von Ferrotitan umfasst mehrere Stufen, angefangen von der Gewinnung und Aufbereitung der Rohstoffe bis hin zum Schmelzen und Legieren. Der Produktionsprozess erfolgt in hochtechnologischen Schmelz\u00f6fen, die die f\u00fcr die Verschmelzung von Titan und Eisen erforderliche Temperatur erreichen.<\/p>\n<h3>Die wichtigsten Schritte der Ferrotitanherstellung:<\/h3>\n<ol>\n<li>Aufbereitung der Rohstoffe &#8211; Eisen und Titan werden von Verunreinigungen befreit und f\u00fcr das Schmelzen vorbereitet.<\/li>\n<li>Schmelzen &#8211; in \u00d6fen wird das Metall bei hohen Temperaturen geschmolzen und Ferrotitan gebildet.<\/li>\n<li>Legieren &#8211; der Schmelze werden andere Elemente wie Kohlenstoff und Silizium zugesetzt, um die mechanischen und chemischen Eigenschaften der Legierung zu verbessern.<\/li>\n<li>Abk\u00fchlen und Gie\u00dfen &#8211; nach dem Abk\u00fchlen wird Ferrotitan zu Barren oder anderen gew\u00fcnschten Formen geformt, die f\u00fcr die industrielle Verwendung bereit sind.<\/li>\n<\/ol>\n<h2>Ferrotitan-Anwendungen<\/h2>\n<p>Ferrotitan wird in verschiedenen Industriezweigen verwendet, vor allem in der Metallurgie und im Maschinenbau.<\/p>\n<h3>Seine Hauptanwendungsbereiche sind:<\/h3>\n<ol>\n<li>Stahlherstellung &#8211; Ferrotitan wird zur Legierung von St\u00e4hlen verwendet, um deren Festigkeit und Hitzebest\u00e4ndigkeit zu erh\u00f6hen.<\/li>\n<li>Herstellung von Titanlegierungen &#8211; Ferrotitan ist der Hauptrohstoff f\u00fcr Titanlegierungen, die im Flugzeugbau, in der Raumfahrtindustrie und bei der Herstellung von High-Tech-Teilen verwendet werden.<\/li>\n<li>Luft- und Raumfahrtindustrie &#8211; aus Ferrotitan hergestellte hochfeste und hitzebest\u00e4ndige Titanen werden in Flugzeugstrukturen verwendet.<\/li>\n<li>Maschinenbau &#8211; Ferrotitan verbessert die Leistung von Metallen, die bei der Herstellung von Teilen verwendet werden, die hohen Belastungen und Temperatureinwirkungen ausgesetzt sind.<\/li>\n<li>Chemische Industrie &#8211; Ferrotitan wird zur Herstellung von Legierungen verwendet, die gegen aggressive Chemikalien best\u00e4ndig sind.<\/li>\n<\/ol>\n<h2>Ferrotitan GOST<\/h2>\n<p>Ferrotitan GOST sind Standards, die die Qualit\u00e4t von Ferrotitan in der Ukraine regeln. Die Normen enthalten Anforderungen an die chemische Zusammensetzung, die physikalischen und mechanischen Eigenschaften und die Methoden der Qualit\u00e4tskontrolle. Diese GOSTs tragen dazu bei, dass die Produkte den festgelegten Anforderungen entsprechen und eine stabile Qualit\u00e4t der Materialien f\u00fcr industrielle Anwendungen gew\u00e4hrleisten.<\/p>\n<h2>Ferrotitanpreis<\/h2>\n<p>Der Preis von Ferrotitan h\u00e4ngt von vielen Faktoren ab, wie z. B. der Qualit\u00e4t, der Zusammensetzung und dem Einkaufsvolumen.<\/p>\n<h3>Um den Preis von Ferrotitan abzusch\u00e4tzen, sollten die folgenden Punkte ber\u00fccksichtigt werden:<\/h3>\n<ul>\n<li>Ferrotitan-G\u00fcteklasse &#8211; Ferrotitan phti35 beispielsweise ist aufgrund seines hohen Titananteils teurer als weniger konzentrierte Sorten.<\/li>\n<li>Einkaufsvolumen &#8211; Gro\u00dfeink\u00e4ufe sind in der Regel billiger.<\/li>\n<li>Hersteller &#8211; die Kosten k\u00f6nnen je nach Region und Marke des Herstellers variieren.<\/li>\n<li>Preis pro kg &#8211; Ferrotitan wird in der Regel pro Kilogramm gehandelt und kann je nach Marktbedingungen variieren.<\/li>\n<\/ul>\n<p>Der durchschnittliche Einzelhandelspreis von Ferrotitan kann je nach Qualit\u00e4t und G\u00fcteklasse schwanken. Ferrotitan kann direkt beim Hersteller oder \u00fcber Lieferanten bestellt werden, die verschiedene Lieferoptionen anbieten.<\/p>\n<h2>Versand von Ferrotitan<\/h2>\n<p>Der Versand von Ferrotitan h\u00e4ngt von der Gr\u00f6\u00dfe der Bestellung und dem Standort des K\u00e4ufers ab. Bei gro\u00dfen Mengen wird Ferrotitan oft per Bahn geliefert, bei kleinen Mengen oft auf der Stra\u00dfe. Ein wichtiger Aspekt ist die Verpackung und der Schutz der Ware vor Besch\u00e4digungen w\u00e4hrend des Transports.<\/p>\n<h2>Ferrotitanpreis pro kg<\/h2>\n<p>Der Ferrotitanpreis pro kg h\u00e4ngt von der Qualit\u00e4t der Legierung und ihrem Grad ab. Zum Beispiel kann Ferrotitan phti35 einen anderen Preis haben als billigere Sorten. Es ist auch wichtig, den Wechselkurs zu ber\u00fccksichtigen, da sich der Preis von Rohstoffen f\u00fcr die Ferrotitanproduktion je nach Marktlage \u00e4ndern kann.[\/vc_column_text][vc_btn title=&#8220;BESTELLEN&#8220; color=&#8220;primary&#8220; size=&#8220;lg&#8220; align=&#8220;left&#8220; css=&#8220;.vc_custom_1720967352424{padding-top: 20px !important;}&#8220; link=&#8220;url:%2Fde%2Fkontakt%2F|title:Kontakt&#8220;][\/vc_column][\/vc_row][vc_row css=&#8220;.vc_custom_1536351171849{margin-top: 30px !important;}&#8220;][vc_column][vc_custom_heading text=&#8220;Galerie&#8220; font_container=&#8220;tag:h2|text_align:center&#8220; use_theme_fonts=&#8220;yes&#8220; css=&#8220;.vc_custom_1538768264035{padding-bottom: 20px !important;}&#8220;][vc_media_grid element_width=&#8220;3&#8243; css=&#8220;.vc_custom_1538769911897{padding-top: 30px !important;}&#8220; grid_id=&#8220;vc_gid:1742387449882-4e433297-d2eb-9&#8243; include=&#8220;457,251,252,253&#8243;][\/vc_column][\/vc_row]<\/p>\n<\/div>","protected":false},"excerpt":{"rendered":"<p>[vc_row full_width=&#8220;stretch_row&#8220; bg_type=&#8220;image&#8220; parallax_style=&#8220;vcpb-default&#8220; bg_image_new=&#8220;id^41|url^http:\/\/amz-group.com.ua\/wp-content\/uploads\/2018\/09\/proizvodstvo.jpg|caption^null|alt^null|title^proizvodstvo|description^null&#8220; css=&#8220;.vc_custom_1536316624500{margin-top: 0px !important;margin-bottom: 0px !important;border-top-width: 0px !important;border-bottom-width: 0px !important;padding-top: 50px !important;padding-bottom: 23px !important;}&#8220;][vc_column][vc_row_inner css=&#8220;.vc_custom_1536315979657{border-top-width: 10px !important;border-right-width: 10px !important;border-bottom-width: 10px !important;border-left-width: 10px !important;background-color: rgba(0,0,0,0.45) !important;*background-color: rgb(0,0,0) !important;border-left-color: #ffffff !important;border-left-style: double !important;border-right-color: #ffffff !important;border-right-style: double !important;border-top-color: #ffffff !important;border-top-style: double !important;border-bottom-color: #ffffff !important;border-bottom-style: double !important;}&#8220;][vc_column_inner][vc_custom_heading text=&#8220;Ferrotitan&#8220; font_container=&#8220;tag:h1|text_align:center|color:%23ffffff&#8220; use_theme_fonts=&#8220;yes&#8220; css=&#8220;.vc_custom_1538768211056{padding-top: 10px !important;padding-bottom: 30px !important;}&#8220;][\/vc_column_inner][\/vc_row_inner][vc_empty_space&hellip;<\/p>\n","protected":false},"author":2,"featured_media":0,"parent":0,"menu_order":0,"comment_status":"closed","ping_status":"closed","template":"","meta":{"footnotes":""},"class_list":["post-560","page","type-page","status-publish","hentry","description-off"],"_links":{"self":[{"href":"https:\/\/aks-splav.com\/de\/wp-json\/wp\/v2\/pages\/560","targetHints":{"allow":["GET"]}}],"collection":[{"href":"https:\/\/aks-splav.com\/de\/wp-json\/wp\/v2\/pages"}],"about":[{"href":"https:\/\/aks-splav.com\/de\/wp-json\/wp\/v2\/types\/page"}],"author":[{"embeddable":true,"href":"https:\/\/aks-splav.com\/de\/wp-json\/wp\/v2\/users\/2"}],"replies":[{"embeddable":true,"href":"https:\/\/aks-splav.com\/de\/wp-json\/wp\/v2\/comments?post=560"}],"version-history":[{"count":11,"href":"https:\/\/aks-splav.com\/de\/wp-json\/wp\/v2\/pages\/560\/revisions"}],"predecessor-version":[{"id":1224,"href":"https:\/\/aks-splav.com\/de\/wp-json\/wp\/v2\/pages\/560\/revisions\/1224"}],"wp:attachment":[{"href":"https:\/\/aks-splav.com\/de\/wp-json\/wp\/v2\/media?parent=560"}],"curies":[{"name":"wp","href":"https:\/\/api.w.org\/{rel}","templated":true}]}}