{"id":536,"date":"2018-10-05T15:45:55","date_gmt":"2018-10-05T12:45:55","guid":{"rendered":"https:\/\/amz-group.com.ua\/?page_id=536"},"modified":"2025-03-12T23:06:25","modified_gmt":"2025-03-12T20:06:25","slug":"aluminiumgusslegierungen","status":"publish","type":"page","link":"https:\/\/aks-splav.com\/de\/aluminiumgusslegierungen\/","title":{"rendered":"Aluminiumgu\u00dflegierungen"},"content":{"rendered":"<div class=\"wpb-content-wrapper\"><p>[vc_row full_width=&#8220;stretch_row&#8220; bg_type=&#8220;image&#8220; parallax_style=&#8220;vcpb-default&#8220; bg_image_new=&#8220;id^41|url^http:\/\/amz-group.com.ua\/wp-content\/uploads\/2018\/09\/proizvodstvo.jpg|caption^null|alt^null|title^proizvodstvo|description^null&#8220; css=&#8220;.vc_custom_1536316624500{margin-top: 0px !important;margin-bottom: 0px !important;border-top-width: 0px !important;border-bottom-width: 0px !important;padding-top: 50px !important;padding-bottom: 23px !important;}&#8220;][vc_column][vc_row_inner css=&#8220;.vc_custom_1536315979657{border-top-width: 10px !important;border-right-width: 10px !important;border-bottom-width: 10px !important;border-left-width: 10px !important;background-color: rgba(0,0,0,0.45) !important;*background-color: rgb(0,0,0) !important;border-left-color: #ffffff !important;border-left-style: double !important;border-right-color: #ffffff !important;border-right-style: double !important;border-top-color: #ffffff !important;border-top-style: double !important;border-bottom-color: #ffffff !important;border-bottom-style: double !important;}&#8220;][vc_column_inner][vc_custom_heading text=&#8220;Aluminiumgu\u00dflegierungen&#8220; font_container=&#8220;tag:h1|text_align:center|color:%23ffffff&#8220; use_theme_fonts=&#8220;yes&#8220; css=&#8220;.vc_custom_1538743296414{padding-top: 10px !important;padding-bottom: 30px !important;}&#8220;][\/vc_column_inner][\/vc_row_inner][vc_empty_space height=&#8220;40px&#8220;][\/vc_column][\/vc_row][vc_row][vc_column][vc_row_inner][vc_column_inner offset=&#8220;vc_col-lg-offset-2 vc_col-lg-8 vc_col-md-offset-1 vc_col-md-10&#8243;][vc_custom_heading text=&#8220;Aluminiumgusslegierungen: Eigenschaften, Zusammensetzung und Anwendung&#8220; font_container=&#8220;tag:h1|text_align:center&#8220; use_theme_fonts=&#8220;yes&#8220; css=&#8220;&#8220;][\/vc_column_inner][\/vc_row_inner][\/vc_column][\/vc_row][vc_row css=&#8220;.vc_custom_1741809262189{margin-top: 10px !important;padding-top: 30px !important;}&#8220;][vc_column][vc_column_text css=&#8220;.vc_custom_1741809982512{padding-top: 20px !important;padding-bottom: 20px !important;}&#8220;]<img loading=\"lazy\" decoding=\"async\" class=\"alignleft wp-image-129\" title=\"\u0410\u043b\u044e\u043c\u0438\u043d\u0438\u0439 \u0447\u0443\u0448\u043a\u043e\u0432\u043e\u0439\" src=\"http:\/\/amz-group.com.ua\/wp-content\/uploads\/2018\/09\/alyuminievye-litejnye-splavy.jpg\" alt=\"\u041a\u0443\u043f\u0438\u0442\u044c \u0430\u043b\u044e\u043c\u0438\u043d\u0438\u0439 \u0447\u0443\u0448\u043a\u043e\u0432\u043e\u0439\" width=\"400\" height=\"300\" \/><strong>Gie\u00dferei-Aluminiumlegierungen<\/strong> sind in der Industrie aufgrund ihrer hohen Festigkeit, geringen Dichte, Korrosionsbest\u00e4ndigkeit und guten Bearbeitbarkeit weit verbreitet. Sie werden im Maschinenbau, in der Luftfahrt, im Bauwesen, in der Automobilindustrie und in anderen Industriezweigen verwendet, in denen zuverl\u00e4ssige und dauerhafte Werkstoffe ben\u00f6tigt werden.<\/p>\n<h2>Haupteigenschaften von Gussaluminiumlegierungen<\/h2>\n<p>Zu den Eigenschaften von Gussaluminiumlegierungen geh\u00f6ren:<\/p>\n<ul>\n<li>Hohe Festigkeit und Verschlei\u00dffestigkeit;<\/li>\n<li>Korrosionsbest\u00e4ndigkeit in einer Vielzahl von Umgebungen;<\/li>\n<li>Leichte Bearbeitbarkeit und gute Flie\u00dff\u00e4higkeit beim Gie\u00dfen;<\/li>\n<li>Gutes Verh\u00e4ltnis von Festigkeit zu Gewicht, wodurch sie sich ideal f\u00fcr die Luft- und Raumfahrt und die Automobilindustrie eignen.<\/li>\n<\/ul>\n<h2>Zusammensetzung von Gie\u00dferei-Aluminium-Legierungen<\/h2>\n<p>Die Zusammensetzung von Aluminiumgie\u00dfereilegierungen umfasst Aluminium als Basis sowie verschiedene Legierungselemente, die ihre Eigenschaften verbessern:<\/p>\n<ul>\n<li>Silizium (Si) &#8211; erh\u00f6ht die Gie\u00dfereieigenschaften, verbessert die Festigkeit und die Verschlei\u00dfbest\u00e4ndigkeit;<\/li>\n<li>Kupfer (Cu) &#8211; erh\u00f6ht die Festigkeit, verringert aber die Korrosionsbest\u00e4ndigkeit;<\/li>\n<li>Magnesium (Mg) &#8211; erh\u00f6ht die Festigkeit und Korrosionsbest\u00e4ndigkeit;<\/li>\n<li>Zink (Zn) &#8211; verbessert die mechanischen Eigenschaften, verringert jedoch die Korrosionsbest\u00e4ndigkeit;<\/li>\n<li>Eisen (Fe) &#8211; verringert die Haftung an Formen, reduziert aber die Verformbarkeit.<\/li>\n<\/ul>\n<h2>Anwendungen von Aluminiumlegierungen in der Gie\u00dferei<\/h2>\n<p>Aluminiumlegierungen werden in der Gie\u00dferei in vielen Industriezweigen eingesetzt, darunter:<\/p>\n<ul>\n<li>Automobilindustrie &#8211; Herstellung von Motoren, Kolben, Felgen, Aufh\u00e4ngungsteilen;<\/li>\n<li>Luft- und Raumfahrt &#8211; Herstellung von leichten und stabilen Strukturen;<\/li>\n<li>Schiffbau \u2013 Herstellung von Teilen f\u00fcr den Seetransport;<\/li>\n<li>Maschinenbau \u2013 Herstellung von Geh\u00e4usen, Getrieben, Pumpen und anderen Elementen;<\/li>\n<li>Bauwesen \u2013 Herstellung von Profilen, Z\u00e4unen und anderen Konstruktionselementen.<\/li>\n<\/ul>\n<p>Aluminiumgusslegierungen werden auch in der Energiewirtschaft eingesetzt, wo sie zur Herstellung von Geh\u00e4usen f\u00fcr elektrische Ger\u00e4te, K\u00fchlern und leitf\u00e4higen Teilen verwendet werden. In der \u00d6l- und Gasindustrie werden sie zur Herstellung von Rohrleitungsarmaturen, Pumpen und Kompressoren verwendet, die gegen aggressive Umgebungen best\u00e4ndig sind. Im medizinischen Bereich werden Aluminiumlegierungen zur Herstellung leichter und langlebiger Strukturen und in Haushaltsger\u00e4ten f\u00fcr Geh\u00e4use und Teile verschiedener Ger\u00e4te verwendet.<\/p>\n<h2>Welche Legierungen werden als Aluminiumgie\u00dferei-Legierungen klassifiziert?<\/h2>\n<p>Zu den Aluminiumgie\u00dfereilegierungen geh\u00f6ren verschiedene Sorten, die sich in ihrer chemischen Zusammensetzung und ihren mechanischen Eigenschaften unterscheiden. Die g\u00e4ngigsten Sorten sind AK4, AK5, AK5M2, AK6, AK7, AK9 und AK12.<\/p>\n<h3>Aluminiumgie\u00dferei-Legierung AK4<\/h3>\n<p>Aluminiumgie\u00dfereilegierungen AK4 zeichnen sich durch hohe Festigkeit und gute Korrosionsbest\u00e4ndigkeit aus. Sie werden in der Flugzeug- und Maschinenbauindustrie verwendet, wo Steifigkeit und Haltbarkeit wichtig sind.<\/p>\n<h3>Aluminiumgie\u00dferei-Legierung AK5<\/h3>\n<p>Aluminiumgie\u00dfereilegierungen AK5 haben gute mechanische Eigenschaften, eine hohe Verschlei\u00dffestigkeit und Korrosionsbest\u00e4ndigkeit. Sie werden f\u00fcr die Herstellung von Motorenteilen und Geh\u00e4useteilen f\u00fcr die Automobilindustrie verwendet.<\/p>\n<h3>Aluminium-Gusslegierung AK5M2<\/h3>\n<p>Aluminiumgie\u00dfereilegierungen AK5M2 enthalten einen erh\u00f6hten Magnesiumanteil, der die Festigkeit und Korrosionsbest\u00e4ndigkeit verbessert. Sie werden im Schiffbau, in der Luftfahrt und im Maschinenbau verwendet.<\/p>\n<h3>Aluminiumgie\u00dferei-Legierung AK6<\/h3>\n<p>Die Aluminiumgie\u00dfereilegierungen AK6 haben eine hohe Festigkeit, eine hohe Temperaturbest\u00e4ndigkeit und eine gute Bearbeitbarkeit. Sie werden f\u00fcr die Herstellung von Teilen f\u00fcr die Luftfahrt, den Maschinenbau und die Automobilindustrie verwendet.<\/p>\n<h3>Aluminiumgie\u00dferei-Legierung AK7<\/h3>\n<p>Aluminiumgie\u00dfereilegierungen AK7 zeichnen sich durch hohe H\u00e4rte und Verschlei\u00dffestigkeit aus. Sie werden meist f\u00fcr das Gie\u00dfen komplexer, hoch belasteter Strukturen verwendet.<\/p>\n<h3>Aluminium-Gusslegierung AK9<\/h3>\n<p>Die Aluminiumgie\u00dfereilegierung AK9 hat eine gute Flie\u00dff\u00e4higkeit und eignet sich daher gut zum Gie\u00dfen d\u00fcnnwandiger Teile. Sie werden in der Bau- und Elektroindustrie verwendet.<\/p>\n<h3>Aluminium-Gusslegierung AK12<\/h3>\n<p>Die Aluminiumgie\u00dfereilegierungen AK12 enthalten einen hohen Anteil an Silizium, das die Gusseigenschaften und die Korrosionsbest\u00e4ndigkeit verbessert. Sie werden in der Automobil- und Maschinenbauindustrie verwendet.<\/p>\n<p>Aluminiumgie\u00dfereilegierungen sind eine breite Klasse von Werkstoffen, die in verschiedenen Industriezweigen verwendet werden. Je nach ihrer Zusammensetzung und ihren Eigenschaften werden sie in der Luftfahrt, im Maschinenbau, in der Automobilindustrie und in anderen Branchen eingesetzt. Die Wahl der Legierung h\u00e4ngt von den Anforderungen an Festigkeit, Korrosionsbest\u00e4ndigkeit und anderen Eigenschaften ab, was Aluminiumgusslegierungen zu einer universellen L\u00f6sung f\u00fcr die Herstellung zuverl\u00e4ssiger Strukturen macht.[\/vc_column_text][vc_btn title=&#8220;BESTELLEN&#8220; color=&#8220;primary&#8220; size=&#8220;lg&#8220; align=&#8220;left&#8220; css=&#8220;.vc_custom_1720967269972{padding-top: 10px !important;}&#8220; link=&#8220;url:%2Fde%2Fkontakt%2F|title:Kontakt&#8220;][\/vc_column][\/vc_row][vc_row css=&#8220;.vc_custom_1536351171849{margin-top: 30px !important;}&#8220;][vc_column][vc_custom_heading text=&#8220;Galerie&#8220; font_container=&#8220;tag:h2|text_align:center&#8220; use_theme_fonts=&#8220;yes&#8220; css=&#8220;.vc_custom_1538743537620{padding-bottom: 20px !important;}&#8220;][vc_media_grid element_width=&#8220;3&#8243; css=&#8220;.vc_custom_1538743617284{padding-top: 30px !important;}&#8220; grid_id=&#8220;vc_gid:1741809766152-0a39f793-1d0f-5&#8243; include=&#8220;529,525,309,305&#8243;][\/vc_column][\/vc_row]<\/p>\n<\/div>","protected":false},"excerpt":{"rendered":"<p>[vc_row full_width=&#8220;stretch_row&#8220; bg_type=&#8220;image&#8220; parallax_style=&#8220;vcpb-default&#8220; bg_image_new=&#8220;id^41|url^http:\/\/amz-group.com.ua\/wp-content\/uploads\/2018\/09\/proizvodstvo.jpg|caption^null|alt^null|title^proizvodstvo|description^null&#8220; css=&#8220;.vc_custom_1536316624500{margin-top: 0px !important;margin-bottom: 0px !important;border-top-width: 0px !important;border-bottom-width: 0px !important;padding-top: 50px !important;padding-bottom: 23px !important;}&#8220;][vc_column][vc_row_inner css=&#8220;.vc_custom_1536315979657{border-top-width: 10px !important;border-right-width: 10px !important;border-bottom-width: 10px !important;border-left-width: 10px !important;background-color: rgba(0,0,0,0.45) !important;*background-color: rgb(0,0,0) !important;border-left-color: #ffffff !important;border-left-style: double !important;border-right-color: #ffffff !important;border-right-style: double !important;border-top-color: #ffffff !important;border-top-style: double !important;border-bottom-color: #ffffff !important;border-bottom-style: double !important;}&#8220;][vc_column_inner][vc_custom_heading text=&#8220;Aluminiumgu\u00dflegierungen&#8220; font_container=&#8220;tag:h1|text_align:center|color:%23ffffff&#8220; use_theme_fonts=&#8220;yes&#8220; css=&#8220;.vc_custom_1538743296414{padding-top: 10px !important;padding-bottom: 30px !important;}&#8220;][\/vc_column_inner][\/vc_row_inner][vc_empty_space&hellip;<\/p>\n","protected":false},"author":2,"featured_media":0,"parent":0,"menu_order":0,"comment_status":"closed","ping_status":"closed","template":"","meta":{"footnotes":""},"class_list":["post-536","page","type-page","status-publish","hentry","description-off"],"_links":{"self":[{"href":"https:\/\/aks-splav.com\/de\/wp-json\/wp\/v2\/pages\/536","targetHints":{"allow":["GET"]}}],"collection":[{"href":"https:\/\/aks-splav.com\/de\/wp-json\/wp\/v2\/pages"}],"about":[{"href":"https:\/\/aks-splav.com\/de\/wp-json\/wp\/v2\/types\/page"}],"author":[{"embeddable":true,"href":"https:\/\/aks-splav.com\/de\/wp-json\/wp\/v2\/users\/2"}],"replies":[{"embeddable":true,"href":"https:\/\/aks-splav.com\/de\/wp-json\/wp\/v2\/comments?post=536"}],"version-history":[{"count":9,"href":"https:\/\/aks-splav.com\/de\/wp-json\/wp\/v2\/pages\/536\/revisions"}],"predecessor-version":[{"id":1168,"href":"https:\/\/aks-splav.com\/de\/wp-json\/wp\/v2\/pages\/536\/revisions\/1168"}],"wp:attachment":[{"href":"https:\/\/aks-splav.com\/de\/wp-json\/wp\/v2\/media?parent=536"}],"curies":[{"name":"wp","href":"https:\/\/api.w.org\/{rel}","templated":true}]}}