{"id":470,"date":"2018-10-04T21:56:40","date_gmt":"2018-10-04T18:56:40","guid":{"rendered":"https:\/\/amz-group.com.ua\/?page_id=470"},"modified":"2025-09-24T10:08:49","modified_gmt":"2025-09-24T07:08:49","slug":"startseite","status":"publish","type":"page","link":"https:\/\/aks-splav.com\/de\/","title":{"rendered":"Startseite"},"content":{"rendered":"<div class=\"wpb-content-wrapper\"><p>[vc_row][vc_column][vc_row_inner][vc_column_inner offset=&#8220;vc_col-lg-offset-2 vc_col-lg-8 vc_col-md-offset-1 vc_col-md-10&#8243;][vc_custom_heading text=&#8220;Aluminiumproduktion in der Ukraine&#8220; font_container=&#8220;tag:h1|text_align:center&#8220; use_theme_fonts=&#8220;yes&#8220;][\/vc_column_inner][\/vc_row_inner][vc_row_inner css=&#8220;.vc_custom_1536261078211{border-top-width: 30px !important;}&#8220;][vc_column_inner offset=&#8220;vc_col-lg-offset-0 vc_col-md-offset-0&#8243;][vc_column_text]<strong>AKS SPLAV GmbH<\/strong> ist ein Produktionsunternehmen, dessen Hauptspezialisierung die Herstellung von Aluminiumlegierungen, Ferroaluminium, Ferrotitanium sowie Flussmitteln f\u00fcr Fl\u00fcssigung und Entfl\u00fcssigung der Metallschlacken.[\/vc_column_text][\/vc_column_inner][\/vc_row_inner][vc_row_inner css=&#8220;.vc_custom_1539077357785{margin-top: 0px !important;border-top-width: 0px !important;padding-top: 0px !important;}&#8220;][vc_column_inner width=&#8220;2\/3&#8243; css=&#8220;.vc_custom_1539077339032{margin-top: 0px !important;border-top-width: 0px !important;padding-top: 0px !important;}&#8220;][vc_column_text css=&#8220;.vc_custom_1730976956371{margin-top: 0px !important;border-top-width: 0px !important;padding-top: 0px !important;}&#8220;]Unser Werk entwickelt sich erfolgreich seit 2014.<\/p>\n<p><strong>AKS SPLAV<\/strong> hat sich auf dem Markt der Aluminiumlegierungen mit einem breiten Sortiment an Legierungen auf der Aluminiumbasis gem\u00e4\u00df den Weltnormen bew\u00e4hrt.<\/p>\n<p>Durch g\u00fcnstige Preise und hohe Qualit\u00e4t unterscheidet unsere Produktion sich.<\/p>\n<p>Wir arbeiten daf\u00fcr, um Ihnen vorteilhafteste Gesch\u00e4ftsbedingungen anzubieten.<\/p>\n<p>Jedes Produkt aus unserem Sortiment kann schnell hergestellt und dem Verbraucher geliefert werden.<\/p>\n<p>Die Lieferbedingungen sind f\u00fcr jeden einzelnen Fall in einem Liefervertrag zu vereinbaren.<\/p>\n<p><strong>AKS SPLAV GmbH<\/strong> wird f\u00fcr Sie ein zuverl\u00e4ssiger Partner.<\/p>\n<p>Unser Unternehmen verf\u00fcgt \u00fcber ein <strong>ISO-Zertifikat<\/strong>, das best\u00e4tigt, dass das Qualit\u00e4tsmanagementsystem in unserem Unternehmen der internationalen Norm ISO 9001: 2015 entspricht.[\/vc_column_text][\/vc_column_inner][vc_column_inner width=&#8220;1\/3&#8243; css=&#8220;.vc_custom_1539077329726{margin-top: 0px !important;border-top-width: 0px !important;padding-top: 0px !important;}&#8220;][vc_column_text css=&#8220;.vc_custom_1721041065834{margin-top: 0px !important;border-top-width: 0px !important;padding-top: 0px !important;}&#8220;]<\/p>\n<p style=\"text-align: center;\"><a href=\"\/wp-content\/uploads\/2024\/07\/iso.pdf\" target=\"_blank\" rel=\"noopener\"><img loading=\"lazy\" decoding=\"async\" class=\"alignnone wp-image-884 size-medium\" src=\"https:\/\/aks-splav.com\/wp-content\/uploads\/2024\/07\/iso-preview-213x300.jpg\" alt=\"\" width=\"213\" height=\"300\" srcset=\"https:\/\/aks-splav.com\/wp-content\/uploads\/2024\/07\/iso-preview-213x300.jpg 213w, https:\/\/aks-splav.com\/wp-content\/uploads\/2024\/07\/iso-preview-726x1024.jpg 726w, https:\/\/aks-splav.com\/wp-content\/uploads\/2024\/07\/iso-preview-768x1083.jpg 768w, https:\/\/aks-splav.com\/wp-content\/uploads\/2024\/07\/iso-preview.jpg 774w\" sizes=\"auto, (max-width: 213px) 100vw, 213px\" \/><\/a><\/p>\n<p>[\/vc_column_text][\/vc_column_inner][\/vc_row_inner][\/vc_column][\/vc_row][vc_row css=&#8220;.vc_custom_1536312213491{margin-top: 30px !important;}&#8220;][vc_column width=&#8220;1\/3&#8243;][vc_custom_heading text=&#8220;Partnerschaft&#8220; font_container=&#8220;tag:h3|text_align:center|color:%230173bc&#8220; use_theme_fonts=&#8220;yes&#8220; css=&#8220;.vc_custom_1538682175130{padding-bottom: 20px !important;}&#8220;][vc_hoverbox image=&#8220;34&#8243; primary_title=&#8220;&#8220; hover_title=&#8220;&#8220; hover_background_color=&#8220;custom&#8220; hover_btn_title=&#8220;MEHR ERFAHREN&#8220; hover_btn_align=&#8220;center&#8220; hover_btn_i_align=&#8220;right&#8220; hover_btn_i_icon_fontawesome=&#8220;fas fa-sign-out-alt&#8220; css_animation=&#8220;zoomIn&#8220; hover_add_button=&#8220;true&#8220; hover_btn_add_icon=&#8220;true&#8220; hover_custom_background=&#8220;#0173bc&#8220; hover_btn_link=&#8220;url:%2Fde%2Fkontakt%2F|title:Kontakt&#8220;]<\/p>\n<p style=\"text-align: center; font-size: 16pt;\"><span style=\"color: #ffffff;\">Wir bieten vorteilhafte<\/span><\/p>\n<p style=\"text-align: center; font-size: 16pt;\"><span style=\"color: #ffffff;\">Gesch\u00e4ftsbedingungen<\/span><\/p>\n<p>[\/vc_hoverbox][\/vc_column][vc_column width=&#8220;1\/3&#8243;][vc_custom_heading text=&#8220;Technologien&#8220; font_container=&#8220;tag:h3|text_align:center|color:%230173bc&#8220; use_theme_fonts=&#8220;yes&#8220; css=&#8220;.vc_custom_1538682271775{padding-bottom: 20px !important;}&#8220;][vc_hoverbox image=&#8220;36&#8243; primary_title=&#8220;&#8220; hover_title=&#8220;&#8220; hover_background_color=&#8220;custom&#8220; hover_btn_title=&#8220;MEHR ERFAHREN&#8220; hover_btn_align=&#8220;center&#8220; hover_btn_i_align=&#8220;right&#8220; hover_btn_i_icon_fontawesome=&#8220;fas fa-sign-out-alt&#8220; css_animation=&#8220;zoomIn&#8220; hover_add_button=&#8220;true&#8220; hover_btn_add_icon=&#8220;true&#8220; hover_custom_background=&#8220;#0173bc&#8220; hover_btn_link=&#8220;url:%2Fde%2Fproduktion%2F|title:Produktion&#8220;]<\/p>\n<p style=\"text-align: center; font-size: 16pt;\"><span style=\"color: #ffffff;\">Wir verwenden Rohstoffe<\/span><\/p>\n<p style=\"text-align: center; font-size: 16pt;\"><span style=\"color: #ffffff;\">aus Aluminium aller Klassen<\/span><\/p>\n<p>[\/vc_hoverbox][\/vc_column][vc_column width=&#8220;1\/3&#8243;][vc_custom_heading text=&#8220;Qualit\u00e4t&#8220; font_container=&#8220;tag:h3|text_align:center|color:%230173bc&#8220; use_theme_fonts=&#8220;yes&#8220; css=&#8220;.vc_custom_1538682321906{padding-bottom: 20px !important;}&#8220;][vc_hoverbox image=&#8220;37&#8243; primary_title=&#8220;&#8220; hover_title=&#8220;&#8220; hover_background_color=&#8220;custom&#8220; hover_btn_title=&#8220;MEHR ERFAHREN&#8220; hover_btn_align=&#8220;center&#8220; hover_btn_i_align=&#8220;right&#8220; hover_btn_i_icon_fontawesome=&#8220;fas fa-sign-out-alt&#8220; css_animation=&#8220;zoomIn&#8220; hover_add_button=&#8220;true&#8220; hover_btn_add_icon=&#8220;true&#8220; hover_custom_background=&#8220;#0173bc&#8220; hover_btn_link=&#8220;url:%2Fde%2Fprodukte%2F|title:Produkte&#8220;]<\/p>\n<p style=\"text-align: center; font-size: 16pt;\"><span style=\"color: #ffffff;\">Unser Erfolgt beruht<\/span><\/p>\n<p style=\"text-align: center; font-size: 16pt;\"><span style=\"color: #ffffff;\">auf hochwertigen Produkten<\/span><\/p>\n<p>[\/vc_hoverbox][\/vc_column][\/vc_row][vc_row full_width=&#8220;stretch_row&#8220; css=&#8220;.vc_custom_1536582379431{margin-top: 40px !important;background-color: #f7f7f7 !important;background-position: center !important;background-repeat: no-repeat !important;background-size: cover !important;}&#8220;][vc_column][vc_row_inner][vc_column_inner][vc_custom_heading text=&#8220;Vorteile von Aluminiumlegierungen&#8220; font_container=&#8220;tag:h2|text_align:center&#8220; use_theme_fonts=&#8220;yes&#8220; css=&#8220;.vc_custom_1538682400427{padding-bottom: 20px !important;}&#8220;][\/vc_column_inner][\/vc_row_inner][vc_row_inner css=&#8220;.vc_custom_1536581857050{border-top-width: 40px !important;}&#8220;][vc_column_inner width=&#8220;1\/3&#8243;]<div class=\"aio-icon-component    style_2\"><div id=\"Info-box-wrap-9841\" class=\"aio-icon-box top-icon\" style=\"\"  ><div class=\"aio-icon-top\"><div class=\"ult-just-icon-wrapper  \"><div class=\"align-icon\" style=\"text-align:center;\">\n<div class=\"aio-icon circle \" data-animation=\"pulse\" data-animation-delay=\"03\" style=\"color:#3b8ced;background:rgba(111,115,122,0.17);font-size:65px;display:inline-block;\">\n\t<i class=\"Defaults-leaf\"><\/i>\n<\/div><\/div><\/div><\/div><div class=\"aio-icon-description ult-responsive\"  data-ultimate-target='#Info-box-wrap-9841 .aio-icon-description'  data-responsive-json-new='{\"font-size\":\"desktop:20px;\",\"line-height\":\"desktop:30px;\"}'  style=\"\"><\/p>\n<p style=\"text-align: center;\">Leichtheit und Festigkeit<br \/>\nvon Materialien<\/p>\n<p><\/div> <!-- description --><\/div> <!-- aio-icon-box --><\/div> <!-- aio-icon-component -->[\/vc_column_inner][vc_column_inner width=&#8220;1\/3&#8243;]<div class=\"aio-icon-component    style_2\"><div id=\"Info-box-wrap-8682\" class=\"aio-icon-box top-icon\" style=\"\"  ><div class=\"aio-icon-top\"><div class=\"ult-just-icon-wrapper  \"><div class=\"align-icon\" style=\"text-align:center;\">\n<div class=\"aio-icon circle \" data-animation=\"pulse\" data-animation-delay=\"03\" style=\"color:#3b8ced;background:rgba(111,115,122,0.17);font-size:65px;display:inline-block;\">\n\t<i class=\"Defaults-random\"><\/i>\n<\/div><\/div><\/div><\/div><div class=\"aio-icon-description ult-responsive\"  data-ultimate-target='#Info-box-wrap-8682 .aio-icon-description'  data-responsive-json-new='{\"font-size\":\"desktop:20px;\",\"line-height\":\"desktop:30px;\"}'  style=\"\"><\/p>\n<p style=\"text-align: center;\">Best\u00e4ndigkeit gegen\u00fcber<br \/>\nKorrosionsprozessen<\/p>\n<p><\/div> <!-- description --><\/div> <!-- aio-icon-box --><\/div> <!-- aio-icon-component -->[\/vc_column_inner][vc_column_inner width=&#8220;1\/3&#8243;]<div class=\"aio-icon-component    style_2\"><div id=\"Info-box-wrap-4334\" class=\"aio-icon-box top-icon\" style=\"\"  ><div class=\"aio-icon-top\"><div class=\"ult-just-icon-wrapper  \"><div class=\"align-icon\" style=\"text-align:center;\">\n<div class=\"aio-icon circle \" data-animation=\"pulse\" data-animation-delay=\"03\" style=\"color:#3b8ced;background:rgba(111,115,122,0.17);font-size:65px;display:inline-block;\">\n\t<i class=\"Defaults-fire\"><\/i>\n<\/div><\/div><\/div><\/div><div class=\"aio-icon-description ult-responsive\"  data-ultimate-target='#Info-box-wrap-4334 .aio-icon-description'  data-responsive-json-new='{\"font-size\":\"desktop:20px;\",\"line-height\":\"desktop:30px;\"}'  style=\"\"><\/p>\n<p style=\"text-align: center;\">Erh\u00f6hte<br \/>\nFeuerbest\u00e4ndigkeit<\/p>\n<p><\/div> <!-- description --><\/div> <!-- aio-icon-box --><\/div> <!-- aio-icon-component -->[\/vc_column_inner][\/vc_row_inner][vc_row_inner css=&#8220;.vc_custom_1536581857050{border-top-width: 40px !important;}&#8220;][vc_column_inner width=&#8220;1\/3&#8243;]<div class=\"aio-icon-component    style_2\"><div id=\"Info-box-wrap-1273\" class=\"aio-icon-box top-icon\" style=\"\"  ><div class=\"aio-icon-top\"><div class=\"ult-just-icon-wrapper  \"><div class=\"align-icon\" style=\"text-align:center;\">\n<div class=\"aio-icon circle \" data-animation=\"pulse\" data-animation-delay=\"03\" style=\"color:#3b8ced;background:rgba(111,115,122,0.17);font-size:65px;display:inline-block;\">\n\t<i class=\"Defaults-gavel legal\"><\/i>\n<\/div><\/div><\/div><\/div><div class=\"aio-icon-description ult-responsive\"  data-ultimate-target='#Info-box-wrap-1273 .aio-icon-description'  data-responsive-json-new='{\"font-size\":\"desktop:20px;\",\"line-height\":\"desktop:30px;\"}'  style=\"\"><\/p>\n<p style=\"text-align: center;\">Schlagfestigkeit<\/p>\n<p><\/div> <!-- description --><\/div> <!-- aio-icon-box --><\/div> <!-- aio-icon-component -->[\/vc_column_inner][vc_column_inner width=&#8220;1\/3&#8243;]<div class=\"aio-icon-component    style_2\"><div id=\"Info-box-wrap-1791\" class=\"aio-icon-box top-icon\" style=\"\"  ><div class=\"aio-icon-top\"><div class=\"ult-just-icon-wrapper  \"><div class=\"align-icon\" style=\"text-align:center;\">\n<div class=\"aio-icon circle \" data-animation=\"pulse\" data-animation-delay=\"03\" style=\"color:#3b8ced;background:rgba(111,115,122,0.17);font-size:65px;display:inline-block;\">\n\t<i class=\"Defaults-pagelines\"><\/i>\n<\/div><\/div><\/div><\/div><div class=\"aio-icon-description ult-responsive\"  data-ultimate-target='#Info-box-wrap-1791 .aio-icon-description'  data-responsive-json-new='{\"font-size\":\"desktop:20px;\",\"line-height\":\"desktop:30px;\"}'  style=\"\"><\/p>\n<p style=\"text-align: center;\">Umweltfreundlichkeit<\/p>\n<p><\/div> <!-- description --><\/div> <!-- aio-icon-box --><\/div> <!-- aio-icon-component -->[\/vc_column_inner][vc_column_inner width=&#8220;1\/3&#8243;]<div class=\"aio-icon-component    style_2\"><div id=\"Info-box-wrap-4464\" class=\"aio-icon-box top-icon\" style=\"\"  ><div class=\"aio-icon-top\"><div class=\"ult-just-icon-wrapper  \"><div class=\"align-icon\" style=\"text-align:center;\">\n<div class=\"aio-icon circle \" data-animation=\"pulse\" data-animation-delay=\"03\" style=\"color:#3b8ced;background:rgba(111,115,122,0.17);font-size:65px;display:inline-block;\">\n\t<i class=\"Defaults-check-square-o\"><\/i>\n<\/div><\/div><\/div><\/div><div class=\"aio-icon-description ult-responsive\"  data-ultimate-target='#Info-box-wrap-4464 .aio-icon-description'  data-responsive-json-new='{\"font-size\":\"desktop:20px;\",\"line-height\":\"desktop:30px;\"}'  style=\"\"><\/p>\n<p style=\"text-align: center;\">Haltbarkeit<\/p>\n<p><\/div> <!-- description --><\/div> <!-- aio-icon-box --><\/div> <!-- aio-icon-component -->[\/vc_column_inner][\/vc_row_inner][vc_empty_space][\/vc_column][\/vc_row][vc_row][vc_column][vc_custom_heading text=&#8220;Galerie&#8220; font_container=&#8220;tag:h2|text_align:center&#8220; use_theme_fonts=&#8220;yes&#8220; css=&#8220;.vc_custom_1538682581954{padding-bottom: 20px !important;}&#8220;][vc_media_grid element_width=&#8220;2&#8243; grid_id=&#8220;vc_gid:1730976943264-925719a9-f0c6-6&#8243; include=&#8220;310,306,302,322,318,457,325,329,333,341,337,297&#8243; css=&#8220;.vc_custom_1538687401673{padding-top: 30px !important;}&#8220;][\/vc_column][\/vc_row]<\/p>\n<\/div>","protected":false},"excerpt":{"rendered":"<p>[vc_row][vc_column][vc_row_inner][vc_column_inner offset=&#8220;vc_col-lg-offset-2 vc_col-lg-8 vc_col-md-offset-1 vc_col-md-10&#8243;][vc_custom_heading text=&#8220;Aluminiumproduktion in der Ukraine&#8220; font_container=&#8220;tag:h1|text_align:center&#8220; use_theme_fonts=&#8220;yes&#8220;][\/vc_column_inner][\/vc_row_inner][vc_row_inner css=&#8220;.vc_custom_1536261078211{border-top-width: 30px !important;}&#8220;][vc_column_inner offset=&#8220;vc_col-lg-offset-0 vc_col-md-offset-0&#8243;][vc_column_text]AKS SPLAV GmbH ist ein Produktionsunternehmen, dessen Hauptspezialisierung die Herstellung von Aluminiumlegierungen, Ferroaluminium, Ferrotitanium sowie Flussmitteln f\u00fcr Fl\u00fcssigung und Entfl\u00fcssigung der Metallschlacken.[\/vc_column_text][\/vc_column_inner][\/vc_row_inner][vc_row_inner css=&#8220;.vc_custom_1539077357785{margin-top: 0px !important;border-top-width: 0px !important;padding-top: 0px !important;}&#8220;][vc_column_inner width=&#8220;2\/3&#8243; css=&#8220;.vc_custom_1539077339032{margin-top: 0px !important;border-top-width: 0px !important;padding-top: 0px !important;}&#8220;][vc_column_text css=&#8220;.vc_custom_1730976956371{margin-top: 0px !important;border-top-width:&hellip;<\/p>\n","protected":false},"author":2,"featured_media":0,"parent":0,"menu_order":0,"comment_status":"closed","ping_status":"closed","template":"","meta":{"footnotes":""},"class_list":["post-470","page","type-page","status-publish","hentry","description-off"],"_links":{"self":[{"href":"https:\/\/aks-splav.com\/de\/wp-json\/wp\/v2\/pages\/470","targetHints":{"allow":["GET"]}}],"collection":[{"href":"https:\/\/aks-splav.com\/de\/wp-json\/wp\/v2\/pages"}],"about":[{"href":"https:\/\/aks-splav.com\/de\/wp-json\/wp\/v2\/types\/page"}],"author":[{"embeddable":true,"href":"https:\/\/aks-splav.com\/de\/wp-json\/wp\/v2\/users\/2"}],"replies":[{"embeddable":true,"href":"https:\/\/aks-splav.com\/de\/wp-json\/wp\/v2\/comments?post=470"}],"version-history":[{"count":15,"href":"https:\/\/aks-splav.com\/de\/wp-json\/wp\/v2\/pages\/470\/revisions"}],"predecessor-version":[{"id":903,"href":"https:\/\/aks-splav.com\/de\/wp-json\/wp\/v2\/pages\/470\/revisions\/903"}],"wp:attachment":[{"href":"https:\/\/aks-splav.com\/de\/wp-json\/wp\/v2\/media?parent=470"}],"curies":[{"name":"wp","href":"https:\/\/api.w.org\/{rel}","templated":true}]}}