{"id":1045,"date":"2025-03-10T22:50:37","date_gmt":"2025-03-10T19:50:37","guid":{"rendered":"https:\/\/aks-splav.com\/?page_id=1045"},"modified":"2025-03-11T22:26:47","modified_gmt":"2025-03-11T19:26:47","slug":"schrott-aus-aluminiumdosen","status":"publish","type":"page","link":"https:\/\/aks-splav.com\/de\/schrott-aus-aluminiumdosen\/","title":{"rendered":"Schrott aus Aluminiumdosen"},"content":{"rendered":"<div class=\"wpb-content-wrapper\"><p>[vc_row full_width=&#8220;stretch_row&#8220; bg_type=&#8220;image&#8220; parallax_style=&#8220;vcpb-default&#8220; bg_image_new=&#8220;id^41|url^http:\/\/amz-group.com.ua\/wp-content\/uploads\/2018\/09\/proizvodstvo.jpg|caption^null|alt^null|title^proizvodstvo|description^null&#8220; css=&#8220;.vc_custom_1536316624500{margin-top: 0px !important;margin-bottom: 0px !important;border-top-width: 0px !important;border-bottom-width: 0px !important;padding-top: 50px !important;padding-bottom: 23px !important;}&#8220;][vc_column][vc_row_inner css=&#8220;.vc_custom_1536315979657{border-top-width: 10px !important;border-right-width: 10px !important;border-bottom-width: 10px !important;border-left-width: 10px !important;background-color: rgba(0,0,0,0.45) !important;*background-color: rgb(0,0,0) !important;border-left-color: #ffffff !important;border-left-style: double !important;border-right-color: #ffffff !important;border-right-style: double !important;border-top-color: #ffffff !important;border-top-style: double !important;border-bottom-color: #ffffff !important;border-bottom-style: double !important;}&#8220;][vc_column_inner][vc_custom_heading text=&#8220;Schrott aus Aluminiumdosen&#8220; font_container=&#8220;tag:h1|text_align:center|color:%23ffffff&#8220; use_theme_fonts=&#8220;yes&#8220; css=&#8220;.vc_custom_1741636029041{padding-top: 10px !important;padding-bottom: 30px !important;}&#8220;][\/vc_column_inner][\/vc_row_inner][vc_empty_space height=&#8220;40px&#8220;][\/vc_column][\/vc_row][vc_row][vc_column][vc_row_inner][vc_column_inner offset=&#8220;vc_col-lg-offset-2 vc_col-lg-8 vc_col-md-offset-1 vc_col-md-10&#8243;][vc_column_text css=&#8220;.vc_custom_1741636057326{padding-top: 20px !important;}&#8220;]<\/p>\n<p style=\"text-align: center; font-size: 16pt;\">Die Firma LLC \u201eAKS SPLAV\u201c kauft Aluminiumdosenschrott.<\/p>\n<p>[\/vc_column_text][vc_column_text css=&#8220;.vc_custom_1741636102298{padding-top: 30px !important;padding-bottom: 20px !important;}&#8220;]<\/p>\n<p style=\"text-align: center; font-size: 16pt;\">DSTU3211:2009\/GOST1639:2009<\/p>\n<p>[\/vc_column_text][vc_column_text css=&#8220;&#8220;]<\/p>\n<table width=\"565\">\n<tbody>\n<tr>\n<td style=\"text-align: center;\" width=\"47\">\u2116k.A.<\/td>\n<td style=\"text-align: center;\" colspan=\"2\" width=\"518\">Name<\/td>\n<\/tr>\n<tr>\n<td style=\"text-align: center;\" width=\"47\">1<\/td>\n<td style=\"text-align: center;\" width=\"161\">Aluminium 28<\/td>\n<td style=\"text-align: center;\" width=\"357\">S\u00e4cke oder Briketts aus Aluminiumdosen<\/td>\n<\/tr>\n<tr>\n<td style=\"text-align: center;\" width=\"47\">2<\/td>\n<td style=\"text-align: center;\" width=\"161\">Aluminium 30<\/td>\n<td style=\"text-align: center;\" width=\"357\">Produktionsabf\u00e4lle von Aluminiumdosen<\/td>\n<\/tr>\n<tr>\n<td style=\"text-align: center;\" width=\"47\">3<\/td>\n<td style=\"text-align: center;\" width=\"161\">Aluminium 31<\/td>\n<td style=\"text-align: center;\" width=\"357\">Schrott aus Getr\u00e4nkedosen<\/td>\n<\/tr>\n<tr>\n<td style=\"text-align: center;\" width=\"47\">4<\/td>\n<td style=\"text-align: center;\" width=\"161\">Aluminium 32<\/td>\n<td style=\"text-align: center;\" width=\"357\">Zerkleinerter Schrott von Aluminium-Getr\u00e4nkedosen magnetisiert<\/td>\n<\/tr>\n<\/tbody>\n<\/table>\n<p>[\/vc_column_text][\/vc_column_inner][\/vc_row_inner][vc_row_inner][vc_column_inner offset=&#8220;vc_col-lg-offset-2 vc_col-lg-8 vc_col-md-offset-1 vc_col-md-10&#8243;][vc_column_text css=&#8220;.vc_custom_1741636859462{padding-top: 20px !important;}&#8220;]<img loading=\"lazy\" decoding=\"async\" class=\"alignleft wp-image-129\" title=\"\u041a\u0443\u043f\u0438\u0442\u044c \u043b\u043e\u043c \u0430\u043b\u044e\u043c\u0438\u043d\u0438\u0435\u0432\u044b\u0445 \u0431\u0430\u043d\u043e\u043a \u0432\u044b\u0433\u043e\u0434\u043d\u043e\" src=\"https:\/\/aks-splav.com\/wp-content\/uploads\/2025\/02\/lom-banka.jpg\" alt=\"\u0421\u043a\u0443\u043f\u043a\u0430 \u043b\u043e\u043c\u0430 \u0430\u043b\u044e\u043c\u0438\u043d\u0438\u0435\u0432\u044b\u0445 \u0431\u0430\u043d\u043e\u043a\" width=\"400\" height=\"300\" \/><br \/>\n<strong>Der Ankauf von Aluminiumdosenschrott<\/strong> ist ein wichtiger Prozess in der Metallindustrie, der dazu beitr\u00e4gt, Aluminiumdosen zu recyceln und zu neuen Produkten zu verarbeiten. Aluminiumdosen sind beliebte Getr\u00e4nkeverpackungen und ihr Recycling ist ein wichtiger Bestandteil der Kreislaufwirtschaft. Aludosenschrott, der nach dem Gebrauch gesammelt wird, kann recycelt werden und tr\u00e4gt dazu bei, den Verbrauch von Prim\u00e4rressourcen und die Umweltbelastung erheblich zu verringern.<\/p>\n<p>&nbsp;<\/p>\n<h2>Warum ist der Aufkauf von Aluminium-Altdosen wichtig?<\/h2>\n<h3>Das Recycling von Aludosen hat mehrere entscheidende Vorteile:<\/h3>\n<ul>\n<li>Ressourcenschonung: Aluminium ist ein Metall, das ohne Qualit\u00e4tsverlust unbegrenzt recycelt werden kann. Durch den Aufkauf und das Recycling von Aludosen kann der Verbrauch von Prim\u00e4raluminium erheblich reduziert werden.<\/li>\n<li>Senkung der Produktionskosten: Die Verwendung von recyceltem Aluminium zur Herstellung neuer Dosen kann die Materialkosten erheblich senken.<\/li>\n<li>Umweltschutz: Die Wiederverwertung von Aluminiumabf\u00e4llen reduziert die Abfallmenge und tr\u00e4gt zur Verringerung der Umweltverschmutzung bei.<\/li>\n<\/ul>\n<p>Der Aufkauf von Aludosen spart also nicht nur Ressourcen, sondern sch\u00fctzt auch die Umwelt, da weniger neue Materialien abgebaut und recycelt werden m\u00fcssen.<\/p>\n<h2>Vorteile des R\u00fcckkaufs von Aluminiumschrott<\/h2>\n<h3>Der Aufkauf von Aluminiumschrott hat sowohl f\u00fcr Hersteller als auch f\u00fcr Verbraucher eine Reihe von Vorteilen:<\/h3>\n<ol>\n<li>Wirtschaftliche Vorteile &#8211; das Recycling von Aluminiumdosen senkt die Materialkosten erheblich. Durch die Verwendung des recycelten Metalls bei der Herstellung neuer Produkte entfallen die Kosten f\u00fcr seine Gewinnung und Erstverarbeitung.<\/li>\n<li>\u00d6kologische Nachhaltigkeit &#8211; das Recycling von Aluminium tr\u00e4gt zur Verringerung von Kohlenstoffemissionen und Abfall bei. Dies ist ein wichtiger Schritt in Richtung einer nachhaltigeren Zukunft.<\/li>\n<li>Geringere Abfallentsorgungskosten &#8211; durch das Sammeln und Recyceln von Aludosen werden die Kosten f\u00fcr die Entsorgung von konventionellem Abfall vermieden.<\/li>\n<\/ol>\n<h2>Wie sammle ich Aluminium-Altdosen?<\/h2>\n<h3>Der Prozess der Annahme von Aludosen umfasst in der Regel die folgenden Schritte:<\/h3>\n<ol>\n<li>Sammlung von Schrott &#8211; Aluminiumdosen werden mit verschiedenen Methoden gesammelt, z. B. mit Sammelbeh\u00e4ltern, speziellen Schrottsammelstellen und anderen Systemen.<\/li>\n<li>Transport &#8211; der gesammelte Schrott wird zu Recyclinganlagen gebracht, wo er verarbeitet und recycelt wird.<\/li>\n<li>Recycling &#8211; In den Anlagen werden die Aludosen eingeschmolzen, von Verunreinigungen befreit und zur Herstellung neuer Produkte verwendet.<\/li>\n<li>Bezahlung &#8211; nach der \u00dcbergabe der Aludosen zum Recycling wird den Besitzern der Abf\u00e4lle ein angemessener Betrag gezahlt, der sich nach Qualit\u00e4t und Menge des Materials richtet.<\/li>\n<\/ol>\n<h2>Preis von Aluminiumdosenschrott<\/h2>\n<p>Der Preis f\u00fcr Aludosenschrott h\u00e4ngt von einer Reihe von Faktoren wie der Reinheit des Materials, den Marktbedingungen und den spezifischen Recyclingbedingungen ab.<\/p>\n<h3>Hier sind einige Aspekte, die den Preis beeinflussen:<\/h3>\n<ol>\n<li>Reinheit des Materials: Wenn Aludosen mit anderen Metallen oder Abf\u00e4llen verunreinigt sind, kann dies den Preis senken.<\/li>\n<li>Die Qualit\u00e4t des Metalls: Hochwertiges Metall, das sich leicht recyceln l\u00e4sst, ist teurer.<\/li>\n<li>Schrottmenge: Der Aufkauf gro\u00dfer Schrottmengen kann f\u00fcr die Lieferanten g\u00fcnstiger sein.<\/li>\n<\/ol>\n<h3>Wie viel kostet Aludosenschrott?<\/h3>\n<p>Der Preis f\u00fcr 1 kg Aluminiumdosenschrott h\u00e4ngt ebenfalls von den oben genannten Faktoren ab. Generell gilt jedoch, dass Aluminiumdosen im Vergleich zu anderen Metallschrottsorten einen relativ hohen Kilopreis haben. F\u00fcr das Aluminiumrecycling wird eine gro\u00dfe Menge an Material angeliefert, was den Unternehmen erm\u00f6glicht, g\u00fcnstige Bedingungen f\u00fcr das Recycling zu erzielen.<\/p>\n<h2>Recycling von Aluminiumdosenschrott<\/h2>\n<p>Beim Recycling von Aluminiumdosenschrott werden alte Aluminiumdosen eingeschmolzen, von Verunreinigungen befreit und zu neuem Aluminium verarbeitet, das dann zur Herstellung neuer Verpackungen oder anderer Produkte verwendet wird. Dies ist eine wirksame Methode zur Verringerung der Produktionskosten und der Umweltauswirkungen.<\/p>\n<h3>Der Recyclingprozess besteht aus den folgenden Schritten:<\/h3>\n<ol>\n<li>Sortierung und Reinigung &#8211; in der ersten Stufe wird der Schrott nach Sorten getrennt, Verunreinigungen werden entfernt.<\/li>\n<li>Schmelzen &#8211; Aluminium wird in Hochtemperatur\u00f6fen geschmolzen.<\/li>\n<li>Pressen &#8211; das geschmolzene Metall wird in spezielle Formen gepresst, um es f\u00fcr die Herstellung neuer Produkte weiterzuverwenden.<\/li>\n<\/ol>\n<p>Nach der Verarbeitung kann der Schrott von Getr\u00e4nkedosen zur Herstellung neuer Aluminiumdosen oder anderer Metallprodukte verwendet werden.<\/p>\n<p><strong>Der Ankauf von Aludosenschrott<\/strong> ist ein wichtiger Prozess, der nicht nur Ressourcen spart und die Produktionskosten senkt, sondern auch die Umwelt sch\u00fctzt. Das Recycling von Aluminiumdosen tr\u00e4gt dazu bei, Abf\u00e4lle zu reduzieren und die Umwelt zu entlasten. Um die g\u00fcnstigsten Bedingungen zu erhalten, ist es wichtig, sich an den Marktpreisen zu orientieren und zuverl\u00e4ssige Unternehmen zu w\u00e4hlen, die sich mit dem Recycling und <a href=\"https:\/\/aks-splav.com\/de\/einkaeufe\/\"><strong>dem Ankauf von Aluminiumschrott besch\u00e4ftigen.<\/strong><\/a>[\/vc_column_text][\/vc_column_inner][\/vc_row_inner][\/vc_column][\/vc_row][vc_row gap=&#8220;15&#8243; full_height=&#8220;yes&#8220; equal_height=&#8220;yes&#8220; content_placement=&#8220;top&#8220; disable_element=&#8220;yes&#8220; css=&#8220;.vc_custom_1536346545536{margin-top: 30px !important;margin-bottom: 30px !important;}&#8220;][vc_column width=&#8220;1\/3&#8243;]<div class=\"ult-new-ib ult-ib-effect-style6  ult-ib-resp ult-ib2-min-height \" data-min-width=\"768\" data-max-width=\"900\" style=\"background:#000000; opacity:0; \" data-opacity=\"1\" data-hover-opacity=\"0.3\"  data-min-height=\"300\" ><img decoding=\"async\" class=\"ult-new-ib-img\" style=\"opacity:1;\" alt=\"null\" src=\"https:\/\/aks-splav.com\/wp-content\/uploads\/2018\/09\/aljuminiy-A0.jpg\"  data-min-height=\"300\"   \/><div id=\"interactive-banner-wrap-6726\" class=\"ult-new-ib-desc\" style=\"\"><p class=\"ult-new-ib-title ult-responsive\"  data-ultimate-target='#interactive-banner-wrap-6726 .ult-new-ib-title'  data-responsive-json-new='{\"font-size\":\"desktop:28px;\",\"line-height\":\"desktop:38px;\"}'  style=\"font-weight:normal;color:#ffffff;\">\u0410\u043b\u044e\u043c\u0438\u043d\u0438\u0439 \u0447\u0443\u0448\u043a\u043e\u0432\u043e\u0439<\/p><div class=\"ult-new-ib-content ult-responsive\"  data-ultimate-target='#interactive-banner-wrap-6726 .ult-new-ib-content'  data-responsive-json-new='{\"font-size\":\"desktop:24px;\",\"line-height\":\"desktop:35px;\"}'  style=\"font-weight:normal;color:#ffffff;\"><p>\u043c\u0430\u0440\u043e\u043a \u04100, \u0410\u041400, \u0410\u04140, \u0410\u04141 \u0438 \u0442.\u0434.<\/p>\n<p>\u0423\u0437\u043d\u0430\u0442\u044c \u043f\u043e\u0434\u0440\u043e\u0431\u043d\u0435\u0435<\/p><\/div><\/div><\/div><div class=\"ult-new-ib ult-ib-effect-style6  ult-ib-resp ult-ib2-min-height \" data-min-width=\"768\" data-max-width=\"900\" style=\"background:#000000; opacity:0; \" data-opacity=\"1\" data-hover-opacity=\"0.3\"  data-min-height=\"300\" ><img decoding=\"async\" class=\"ult-new-ib-img\" style=\"opacity:1;\" alt=\"null\" src=\"https:\/\/aks-splav.com\/wp-content\/uploads\/2018\/09\/aljuminiy-A0.jpg\"  data-min-height=\"300\"   \/><div id=\"interactive-banner-wrap-4028\" class=\"ult-new-ib-desc\" style=\"\"><p class=\"ult-new-ib-title ult-responsive\"  data-ultimate-target='#interactive-banner-wrap-4028 .ult-new-ib-title'  data-responsive-json-new='{\"font-size\":\"desktop:28px;\",\"line-height\":\"desktop:38px;\"}'  style=\"font-weight:normal;color:#ffffff;\">\u0410\u043b\u044e\u043c\u0438\u043d\u0438\u0439 \u0433\u0440\u0430\u043d\u0443\u043b\u0438\u0440\u043e\u0432\u0430\u043d\u043d\u044b\u0439<\/p><div class=\"ult-new-ib-content ult-responsive\"  data-ultimate-target='#interactive-banner-wrap-4028 .ult-new-ib-content'  data-responsive-json-new='{\"font-size\":\"desktop:24px;\",\"line-height\":\"desktop:35px;\"}'  style=\"font-weight:normal;color:#ffffff;\"><p>\u043c\u0430\u0440\u043e\u043a \u0410\u041287, \u0410\u041291, \u0410\u041297<\/p>\n<p>\u0423\u0437\u043d\u0430\u0442\u044c \u043f\u043e\u0434\u0440\u043e\u0431\u043d\u0435\u0435<\/p><\/div><\/div><\/div><div class=\"ult-new-ib ult-ib-effect-style6  ult-ib-resp ult-ib2-min-height \" data-min-width=\"768\" data-max-width=\"900\" style=\"background:#000000; opacity:0; \" data-opacity=\"1\" data-hover-opacity=\"0.3\"  data-min-height=\"300\" ><img decoding=\"async\" class=\"ult-new-ib-img\" style=\"opacity:1;\" alt=\"null\" src=\"https:\/\/aks-splav.com\/wp-content\/uploads\/2018\/09\/aljuminiy-A0.jpg\"  data-min-height=\"300\"   \/><div id=\"interactive-banner-wrap-6643\" class=\"ult-new-ib-desc\" style=\"\"><p class=\"ult-new-ib-title ult-responsive\"  data-ultimate-target='#interactive-banner-wrap-6643 .ult-new-ib-title'  data-responsive-json-new='{\"font-size\":\"desktop:28px;\",\"line-height\":\"desktop:38px;\"}'  style=\"font-weight:normal;color:#ffffff;\">\u0424\u043b\u044e\u0441 \u0428\u0420\u0424-1<\/p><div class=\"ult-new-ib-content ult-responsive\"  data-ultimate-target='#interactive-banner-wrap-6643 .ult-new-ib-content'  data-responsive-json-new='{\"font-size\":\"desktop:24px;\",\"line-height\":\"desktop:35px;\"}'  style=\"font-weight:normal;color:#ffffff;\"><p>\u0422\u0423 \u042324.4-42182700-001:2018<\/p>\n<p>\u0423\u0437\u043d\u0430\u0442\u044c \u043f\u043e\u0434\u0440\u043e\u0431\u043d\u0435\u0435<\/p><\/div><\/div><\/div>[\/vc_column][vc_column width=&#8220;1\/3&#8243;]<div class=\"ult-new-ib ult-ib-effect-style6  ult-ib-resp ult-ib2-min-height \" data-min-width=\"768\" data-max-width=\"900\" style=\"background:#000000; opacity:0; \" data-opacity=\"1\" data-hover-opacity=\"0.3\"  data-min-height=\"300\" ><img decoding=\"async\" class=\"ult-new-ib-img\" style=\"opacity:1;\" alt=\"null\" src=\"https:\/\/aks-splav.com\/wp-content\/uploads\/2018\/09\/aljuminiy-A0.jpg\"  data-min-height=\"300\"   \/><div id=\"interactive-banner-wrap-2480\" class=\"ult-new-ib-desc\" style=\"\"><p class=\"ult-new-ib-title ult-responsive\"  data-ultimate-target='#interactive-banner-wrap-2480 .ult-new-ib-title'  data-responsive-json-new='{\"font-size\":\"desktop:28px;\",\"line-height\":\"desktop:38px;\"}'  style=\"font-weight:normal;color:#ffffff;\">\u0410\u043b\u044e\u043c\u0438\u043d\u0438\u0435\u0432\u044b\u0435 \u043b\u0438\u0442\u0435\u0439\u043d\u044b\u0435 \u0441\u043f\u043b\u0430\u0432\u044b<\/p><div class=\"ult-new-ib-content ult-responsive\"  data-ultimate-target='#interactive-banner-wrap-2480 .ult-new-ib-content'  data-responsive-json-new='{\"font-size\":\"desktop:24px;\",\"line-height\":\"desktop:35px;\"}'  style=\"font-weight:normal;color:#ffffff;\"><p>\u043c\u0430\u0440\u043e\u043a \u0410\u041a4, \u0410\u041a5, \u0410\u041a5\u041c2, \u0410\u041a6, \u0410\u041a7, \u0410\u041a9, \u0438 \u0442.\u0434.<\/p>\n<p>\u0423\u0437\u043d\u0430\u0442\u044c \u043f\u043e\u0434\u0440\u043e\u0431\u043d\u0435\u0435<\/p><\/div><\/div><\/div><div class=\"ult-new-ib ult-ib-effect-style6  ult-ib-resp ult-ib2-min-height \" data-min-width=\"768\" data-max-width=\"900\" style=\"background:#000000; opacity:0; \" data-opacity=\"1\" data-hover-opacity=\"0.3\"  data-min-height=\"300\" ><img decoding=\"async\" class=\"ult-new-ib-img\" style=\"opacity:1;\" alt=\"null\" src=\"https:\/\/aks-splav.com\/wp-content\/uploads\/2018\/09\/aljuminiy-A0.jpg\"  data-min-height=\"300\"   \/><div id=\"interactive-banner-wrap-7627\" class=\"ult-new-ib-desc\" style=\"\"><p class=\"ult-new-ib-title ult-responsive\"  data-ultimate-target='#interactive-banner-wrap-7627 .ult-new-ib-title'  data-responsive-json-new='{\"font-size\":\"desktop:28px;\",\"line-height\":\"desktop:38px;\"}'  style=\"font-weight:normal;color:#ffffff;\">\u0424\u0435\u0440\u0440\u043e\u0430\u043b\u044e\u043c\u0438\u043d\u0438\u0439<\/p><div class=\"ult-new-ib-content ult-responsive\"  data-ultimate-target='#interactive-banner-wrap-7627 .ult-new-ib-content'  data-responsive-json-new='{\"font-size\":\"desktop:24px;\",\"line-height\":\"desktop:35px;\"}'  style=\"font-weight:normal;color:#ffffff;\"><p>\u043c\u0430\u0440\u043e\u043a \u0424\u041030, \u0424\u041035, \u0424\u041040<\/p>\n<p>\u0423\u0437\u043d\u0430\u0442\u044c \u043f\u043e\u0434\u0440\u043e\u0431\u043d\u0435\u0435<\/p><\/div><\/div><\/div>[\/vc_column][vc_column width=&#8220;1\/3&#8243;]<div class=\"ult-new-ib ult-ib-effect-style6  ult-ib-resp ult-ib2-min-height \" data-min-width=\"768\" data-max-width=\"900\" style=\"background:#000000; opacity:0; \" data-opacity=\"1\" data-hover-opacity=\"0.3\"  data-min-height=\"300\" ><img decoding=\"async\" class=\"ult-new-ib-img\" style=\"opacity:1;\" alt=\"null\" src=\"https:\/\/aks-splav.com\/wp-content\/uploads\/2018\/09\/aljuminiy-A0.jpg\"  data-min-height=\"300\"   \/><div id=\"interactive-banner-wrap-6011\" class=\"ult-new-ib-desc\" style=\"\"><p class=\"ult-new-ib-title ult-responsive\"  data-ultimate-target='#interactive-banner-wrap-6011 .ult-new-ib-title'  data-responsive-json-new='{\"font-size\":\"desktop:28px;\",\"line-height\":\"desktop:38px;\"}'  style=\"font-weight:normal;color:#ffffff;\">\u0410\u043b\u044e\u043c\u0438\u043d\u0438\u0439 \u0447\u0443\u0448\u043a\u043e\u0432\u043e\u0439<\/p><div class=\"ult-new-ib-content ult-responsive\"  data-ultimate-target='#interactive-banner-wrap-6011 .ult-new-ib-content'  data-responsive-json-new='{\"font-size\":\"desktop:24px;\",\"line-height\":\"desktop:35px;\"}'  style=\"font-weight:normal;color:#ffffff;\"><p>\u043c\u0430\u0440\u043e\u043a \u0410\u041287, \u0410\u041291, \u0410\u041297<\/p>\n<p>\u0423\u0437\u043d\u0430\u0442\u044c \u043f\u043e\u0434\u0440\u043e\u0431\u043d\u0435\u0435<\/p><\/div><\/div><\/div><div class=\"ult-new-ib ult-ib-effect-style6  ult-ib-resp ult-ib2-min-height \" data-min-width=\"768\" data-max-width=\"900\" style=\"background:#000000; opacity:0; \" data-opacity=\"1\" data-hover-opacity=\"0.3\"  data-min-height=\"300\" ><img decoding=\"async\" class=\"ult-new-ib-img\" style=\"opacity:1;\" alt=\"null\" src=\"https:\/\/aks-splav.com\/wp-content\/uploads\/2018\/09\/aljuminiy-A0.jpg\"  data-min-height=\"300\"   \/><div id=\"interactive-banner-wrap-1372\" class=\"ult-new-ib-desc\" style=\"\"><p class=\"ult-new-ib-title ult-responsive\"  data-ultimate-target='#interactive-banner-wrap-1372 .ult-new-ib-title'  data-responsive-json-new='{\"font-size\":\"desktop:28px;\",\"line-height\":\"desktop:38px;\"}'  style=\"font-weight:normal;color:#ffffff;\">\u0424\u0435\u0440\u0440\u043e\u0442\u0438\u0442\u0430\u043d<\/p><div class=\"ult-new-ib-content ult-responsive\"  data-ultimate-target='#interactive-banner-wrap-1372 .ult-new-ib-content'  data-responsive-json-new='{\"font-size\":\"desktop:24px;\",\"line-height\":\"desktop:35px;\"}'  style=\"font-weight:normal;color:#ffffff;\"><p>\u043c\u0430\u0440\u043e\u043a FeTi 50, FeTi 40, \u0424\u0442\u0438 35<\/p>\n<p>\u0423\u0437\u043d\u0430\u0442\u044c \u043f\u043e\u0434\u0440\u043e\u0431\u043d\u0435\u0435<\/p><\/div><\/div><\/div>[\/vc_column][\/vc_row][vc_row disable_element=&#8220;yes&#8220; css=&#8220;.vc_custom_1536344099497{margin-top: 30px !important;}&#8220;][vc_column][vc_row_inner][vc_column_inner][vc_custom_heading text=&#8220;\u041b\u043e\u043c \u0438 \u043a\u0443\u0441\u043a\u043e\u0432\u044b\u0435 \u043e\u0442\u0445\u043e\u0434\u044b \u0430\u043b\u044e\u043c\u0438\u043d\u0438\u0435\u0432\u044b\u0445 \u0441\u043f\u043b\u0430\u0432\u043e\u0432&#8220; font_container=&#8220;tag:h2|text_align:center&#8220; use_theme_fonts=&#8220;yes&#8220;][\/vc_column_inner][\/vc_row_inner][vc_masonry_media_grid element_width=&#8220;3&#8243; gap=&#8220;10&#8243; item=&#8220;mediaGrid_Default&#8220; css=&#8220;.vc_custom_1536337110166{padding-top: 20px !important;}&#8220; grid_id=&#8220;vc_gid:1741636242425-1b6a3645-a86b-7&#8243; include=&#8220;51,52,53,54&#8243;][\/vc_column][\/vc_row]<\/p>\n<\/div>","protected":false},"excerpt":{"rendered":"<p>[vc_row full_width=&#8220;stretch_row&#8220; bg_type=&#8220;image&#8220; parallax_style=&#8220;vcpb-default&#8220; bg_image_new=&#8220;id^41|url^http:\/\/amz-group.com.ua\/wp-content\/uploads\/2018\/09\/proizvodstvo.jpg|caption^null|alt^null|title^proizvodstvo|description^null&#8220; css=&#8220;.vc_custom_1536316624500{margin-top: 0px !important;margin-bottom: 0px !important;border-top-width: 0px !important;border-bottom-width: 0px !important;padding-top: 50px !important;padding-bottom: 23px !important;}&#8220;][vc_column][vc_row_inner css=&#8220;.vc_custom_1536315979657{border-top-width: 10px !important;border-right-width: 10px !important;border-bottom-width: 10px !important;border-left-width: 10px !important;background-color: rgba(0,0,0,0.45) !important;*background-color: rgb(0,0,0) !important;border-left-color: #ffffff !important;border-left-style: double !important;border-right-color: #ffffff !important;border-right-style: double !important;border-top-color: #ffffff !important;border-top-style: double !important;border-bottom-color: #ffffff !important;border-bottom-style: double !important;}&#8220;][vc_column_inner][vc_custom_heading text=&#8220;Schrott aus Aluminiumdosen&#8220; font_container=&#8220;tag:h1|text_align:center|color:%23ffffff&#8220; use_theme_fonts=&#8220;yes&#8220; css=&#8220;.vc_custom_1741636029041{padding-top: 10px !important;padding-bottom:&hellip;<\/p>\n","protected":false},"author":2,"featured_media":0,"parent":0,"menu_order":0,"comment_status":"closed","ping_status":"closed","template":"","meta":{"footnotes":""},"class_list":["post-1045","page","type-page","status-publish","hentry","description-off"],"_links":{"self":[{"href":"https:\/\/aks-splav.com\/de\/wp-json\/wp\/v2\/pages\/1045","targetHints":{"allow":["GET"]}}],"collection":[{"href":"https:\/\/aks-splav.com\/de\/wp-json\/wp\/v2\/pages"}],"about":[{"href":"https:\/\/aks-splav.com\/de\/wp-json\/wp\/v2\/types\/page"}],"author":[{"embeddable":true,"href":"https:\/\/aks-splav.com\/de\/wp-json\/wp\/v2\/users\/2"}],"replies":[{"embeddable":true,"href":"https:\/\/aks-splav.com\/de\/wp-json\/wp\/v2\/comments?post=1045"}],"version-history":[{"count":3,"href":"https:\/\/aks-splav.com\/de\/wp-json\/wp\/v2\/pages\/1045\/revisions"}],"predecessor-version":[{"id":1052,"href":"https:\/\/aks-splav.com\/de\/wp-json\/wp\/v2\/pages\/1045\/revisions\/1052"}],"wp:attachment":[{"href":"https:\/\/aks-splav.com\/de\/wp-json\/wp\/v2\/media?parent=1045"}],"curies":[{"name":"wp","href":"https:\/\/api.w.org\/{rel}","templated":true}]}}